{"id":25,"date":"2025-01-19T17:36:11","date_gmt":"2025-01-19T17:36:11","guid":{"rendered":"https:\/\/andis-malstube.de\/?page_id=25"},"modified":"2025-01-19T19:07:34","modified_gmt":"2025-01-19T19:07:34","slug":"herzlich-willkommen","status":"publish","type":"page","link":"https:\/\/andis-malstube.de\/?page_id=25","title":{"rendered":"Herzlich Willkommen!"},"content":{"rendered":"\n<figure class=\"wp-block-image size-full\"><img fetchpriority=\"high\" decoding=\"async\" width=\"1024\" height=\"1024\" src=\"http:\/\/andis-malstube.de\/wp-content\/uploads\/2025\/01\/DALL\u00b7E-2025-01-19-19.49.57-A-polished-and-artistic-logo-for-Andis-Malstube-with-a-clean-and-minimalistic-design.-Include-a-paintbrush-and-painters-palette-subtly-arranged-to.webp\" alt=\"\" class=\"wp-image-77\" srcset=\"https:\/\/andis-malstube.de\/wp-content\/uploads\/2025\/01\/DALL\u00b7E-2025-01-19-19.49.57-A-polished-and-artistic-logo-for-Andis-Malstube-with-a-clean-and-minimalistic-design.-Include-a-paintbrush-and-painters-palette-subtly-arranged-to.webp 1024w, https:\/\/andis-malstube.de\/wp-content\/uploads\/2025\/01\/DALL\u00b7E-2025-01-19-19.49.57-A-polished-and-artistic-logo-for-Andis-Malstube-with-a-clean-and-minimalistic-design.-Include-a-paintbrush-and-painters-palette-subtly-arranged-to-300x300.webp 300w, https:\/\/andis-malstube.de\/wp-content\/uploads\/2025\/01\/DALL\u00b7E-2025-01-19-19.49.57-A-polished-and-artistic-logo-for-Andis-Malstube-with-a-clean-and-minimalistic-design.-Include-a-paintbrush-and-painters-palette-subtly-arranged-to-150x150.webp 150w, https:\/\/andis-malstube.de\/wp-content\/uploads\/2025\/01\/DALL\u00b7E-2025-01-19-19.49.57-A-polished-and-artistic-logo-for-Andis-Malstube-with-a-clean-and-minimalistic-design.-Include-a-paintbrush-and-painters-palette-subtly-arranged-to-768x768.webp 768w\" sizes=\"(max-width: 1024px) 100vw, 1024px\" \/><\/figure>\n\n\n\n<p><strong>Willkommen in Andis Malstube \u2013 Kunst aus Leidenschaft<\/strong><\/p>\n\n\n\n<p>Sch\u00f6n, dass Sie den Weg zu meiner Malstube gefunden haben! <\/p>\n\n\n\n<p>Hier pr\u00e4sentiere ich Ihnen mit viel Freude und Herzblut meine selbstgemalten Acrylmalereien auf Leinwand. Meine Werke sind inspiriert von meinen Streifz\u00fcgen durch die Natur \u2013 mal ruhige Landschaften, mal kraftvolle Szenen, die die Sch\u00f6nheit der Welt um uns herum einfangen. Ab und zu lasse ich meiner Kreativit\u00e4t freien Lauf und widme mich abstrakten Motiven, die Raum f\u00fcr eigene Interpretationen bieten.<\/p>\n\n\n\n<p>Das Malen begleitet mich bereits seit meiner Kindheit, und im vergangenen Jahr habe ich meine Leidenschaft f\u00fcr die Kunst wieder neu entdeckt. Mit jedem Pinselstrich lasse ich die Erinnerungen an besondere Momente und Stimmungen lebendig werden \u2013 und genau das m\u00f6chte ich mit Ihnen teilen.<\/p>\n\n\n\n<p>Tauchen Sie ein in meine Welt der Farben und Impressionen. Ich lade Sie herzlich ein, sich umzusehen, zu verweilen und sich von meinen Bildern inspirieren zu lassen.<\/p>\n\n\n\n<p>Viel Freude beim Entdecken!<br><\/p>\n\n\n\n<p>Ihr Andi von Andis Malstube<\/p>\n\n\n\n<div class=\"wp-block-buttons is-layout-flex wp-block-buttons-is-layout-flex\">\n<div class=\"wp-block-button\"><a class=\"wp-block-button__link wp-element-button\" href=\"https:\/\/andis-malstube.de\/?page_id=29\">hier geht\u00b4s zur Galerie<\/a><\/div>\n<\/div>\n\n\n\n<div class=\"wp-block-buttons is-layout-flex wp-block-buttons-is-layout-flex\"><\/div>\n\n\n\n<div class=\"wp-block-media-text is-stacked-on-mobile\"><figure class=\"wp-block-media-text__media\"><img decoding=\"async\" width=\"1009\" height=\"1024\" src=\"http:\/\/andis-malstube.de\/wp-content\/uploads\/2025\/01\/Meer-1009x1024.jpeg\" alt=\"\" class=\"wp-image-32 size-full\" srcset=\"https:\/\/andis-malstube.de\/wp-content\/uploads\/2025\/01\/Meer-1009x1024.jpeg 1009w, https:\/\/andis-malstube.de\/wp-content\/uploads\/2025\/01\/Meer-296x300.jpeg 296w, https:\/\/andis-malstube.de\/wp-content\/uploads\/2025\/01\/Meer-768x780.jpeg 768w, https:\/\/andis-malstube.de\/wp-content\/uploads\/2025\/01\/Meer.jpeg 1397w\" sizes=\"(max-width: 1009px) 100vw, 1009px\" \/><\/figure><div class=\"wp-block-media-text__content\">\n<p>Habe ich Ihr Interesse geweckt? <br>Kontaktieren Sie mich gerne und wir sprechen \u00fcber Ihren individuellen Bildwunsch!<\/p>\n\n\n\n<ul class=\"wp-block-social-links is-layout-flex wp-block-social-links-is-layout-flex\"><li class=\"wp-social-link wp-social-link-mail  wp-block-social-link\"><a href=\"mailto:bo&#104;&#108;&#101;nd&#101;r&#064;t&#045;on&#108;ine.&#100;&#101;\" class=\"wp-block-social-link-anchor\"><svg width=\"24\" height=\"24\" viewBox=\"0 0 24 24\" version=\"1.1\" xmlns=\"http:\/\/www.w3.org\/2000\/svg\" aria-hidden=\"true\" focusable=\"false\"><path d=\"M19,5H5c-1.1,0-2,.9-2,2v10c0,1.1.9,2,2,2h14c1.1,0,2-.9,2-2V7c0-1.1-.9-2-2-2zm.5,12c0,.3-.2.5-.5.5H5c-.3,0-.5-.2-.5-.5V9.8l7.5,5.6,7.5-5.6V17zm0-9.1L12,13.6,4.5,7.9V7c0-.3.2-.5.5-.5h14c.3,0,.5.2.5.5v.9z\"><\/path><\/svg><span class=\"wp-block-social-link-label screen-reader-text\">E-Mail<\/span><\/a><\/li><\/ul>\n<\/div><\/div>\n\n\n\n<p><\/p>\n","protected":false},"excerpt":{"rendered":"<p>Willkommen in Andis Malstube \u2013 Kunst aus Leidenschaft Sch\u00f6n, dass Sie den Weg zu meiner Malstube gefunden haben! Hier pr\u00e4sentiere ich Ihnen mit viel Freude und Herzblut meine selbstgemalten Acrylmalereien auf Leinwand. Meine Werke sind inspiriert von meinen Streifz\u00fcgen durch die Natur \u2013 mal ruhige Landschaften, mal kraftvolle Szenen, die die Sch\u00f6nheit der Welt um [&hellip;]<\/p>\n","protected":false},"author":1,"featured_media":0,"parent":0,"menu_order":0,"comment_status":"closed","ping_status":"closed","template":"","meta":{"footnotes":""},"class_list":["post-25","page","type-page","status-publish","hentry"],"_links":{"self":[{"href":"https:\/\/andis-malstube.de\/index.php?rest_route=\/wp\/v2\/pages\/25","targetHints":{"allow":["GET"]}}],"collection":[{"href":"https:\/\/andis-malstube.de\/index.php?rest_route=\/wp\/v2\/pages"}],"about":[{"href":"https:\/\/andis-malstube.de\/index.php?rest_route=\/wp\/v2\/types\/page"}],"author":[{"embeddable":true,"href":"https:\/\/andis-malstube.de\/index.php?rest_route=\/wp\/v2\/users\/1"}],"replies":[{"embeddable":true,"href":"https:\/\/andis-malstube.de\/index.php?rest_route=%2Fwp%2Fv2%2Fcomments&post=25"}],"version-history":[{"count":6,"href":"https:\/\/andis-malstube.de\/index.php?rest_route=\/wp\/v2\/pages\/25\/revisions"}],"predecessor-version":[{"id":86,"href":"https:\/\/andis-malstube.de\/index.php?rest_route=\/wp\/v2\/pages\/25\/revisions\/86"}],"wp:attachment":[{"href":"https:\/\/andis-malstube.de\/index.php?rest_route=%2Fwp%2Fv2%2Fmedia&parent=25"}],"curies":[{"name":"wp","href":"https:\/\/api.w.org\/{rel}","templated":true}]}}