{"id":79,"date":"2025-01-19T18:56:44","date_gmt":"2025-01-19T18:56:44","guid":{"rendered":"https:\/\/andis-malstube.de\/?page_id=79"},"modified":"2025-01-19T18:56:44","modified_gmt":"2025-01-19T18:56:44","slug":"impressum","status":"publish","type":"page","link":"https:\/\/andis-malstube.de\/?page_id=79","title":{"rendered":"Impressum"},"content":{"rendered":"\n<p>Impressum<\/p>\n\n\n\n<p>Angaben gem\u00e4\u00df \u00a7 5 TMG:<\/p>\n\n\n\n<p>Andreas Bohlender<br>Steinweg 1B<br>63589 Linsengericht<\/p>\n\n\n\n<p>Kontakt:<br>E-Mail: bohlender@t-online.de<br>Telefon: &#8211;<\/p>\n\n\n\n<p>Umsatzsteuer-Identifikationsnummer gem\u00e4\u00df \u00a7 27a Umsatzsteuergesetz:<br>&#8211;<\/p>\n\n\n\n<p>Verantwortlich f\u00fcr den Inhalt nach \u00a7 55 Abs. 2 RStV:<br>Andreas Bohlender<br>Steinweg 1B<br>63589 Linsengricht<\/p>\n\n\n\n<p>Haftungsausschluss:<br>Trotz sorgf\u00e4ltiger inhaltlicher Kontrolle \u00fcbernehmen wir keine Haftung f\u00fcr die Inhalte externer Links. F\u00fcr den Inhalt der verlinkten Seiten sind ausschlie\u00dflich deren Betreiber verantwortlich.<\/p>\n\n\n\n<p>Streitbeilegung:<br>Die Europ\u00e4ische Kommission stellt eine Plattform zur Online-Streitbeilegung (OS) bereit: <a href=\"https:\/\/ec.europa.eu\/consumers\/odr\/\">https:\/\/ec.europa.eu\/consumers\/odr\/<\/a>. Unsere E-Mail-Adresse finden Sie oben im Impressum.<\/p>\n","protected":false},"excerpt":{"rendered":"<p>Impressum Angaben gem\u00e4\u00df \u00a7 5 TMG: Andreas BohlenderSteinweg 1B63589 Linsengericht Kontakt:E-Mail: bohlender@t-online.deTelefon: &#8211; Umsatzsteuer-Identifikationsnummer gem\u00e4\u00df \u00a7 27a Umsatzsteuergesetz:&#8211; Verantwortlich f\u00fcr den Inhalt nach \u00a7 55 Abs. 2 RStV:Andreas BohlenderSteinweg 1B63589 Linsengricht Haftungsausschluss:Trotz sorgf\u00e4ltiger inhaltlicher Kontrolle \u00fcbernehmen wir keine Haftung f\u00fcr die Inhalte externer Links. F\u00fcr den Inhalt der verlinkten Seiten sind ausschlie\u00dflich deren Betreiber verantwortlich. [&hellip;]<\/p>\n","protected":false},"author":1,"featured_media":0,"parent":0,"menu_order":0,"comment_status":"closed","ping_status":"closed","template":"","meta":{"footnotes":""},"class_list":["post-79","page","type-page","status-publish","hentry"],"_links":{"self":[{"href":"https:\/\/andis-malstube.de\/index.php?rest_route=\/wp\/v2\/pages\/79","targetHints":{"allow":["GET"]}}],"collection":[{"href":"https:\/\/andis-malstube.de\/index.php?rest_route=\/wp\/v2\/pages"}],"about":[{"href":"https:\/\/andis-malstube.de\/index.php?rest_route=\/wp\/v2\/types\/page"}],"author":[{"embeddable":true,"href":"https:\/\/andis-malstube.de\/index.php?rest_route=\/wp\/v2\/users\/1"}],"replies":[{"embeddable":true,"href":"https:\/\/andis-malstube.de\/index.php?rest_route=%2Fwp%2Fv2%2Fcomments&post=79"}],"version-history":[{"count":1,"href":"https:\/\/andis-malstube.de\/index.php?rest_route=\/wp\/v2\/pages\/79\/revisions"}],"predecessor-version":[{"id":81,"href":"https:\/\/andis-malstube.de\/index.php?rest_route=\/wp\/v2\/pages\/79\/revisions\/81"}],"wp:attachment":[{"href":"https:\/\/andis-malstube.de\/index.php?rest_route=%2Fwp%2Fv2%2Fmedia&parent=79"}],"curies":[{"name":"wp","href":"https:\/\/api.w.org\/{rel}","templated":true}]}}